{"id":102,"date":"2020-04-13T07:28:41","date_gmt":"2020-04-13T05:28:41","guid":{"rendered":"http:\/\/sfgoeppingen.schachvereine.de\/wp\/?page_id=102"},"modified":"2026-01-12T21:14:15","modified_gmt":"2026-01-12T20:14:15","slug":"spiellokal","status":"publish","type":"page","link":"https:\/\/sfgoeppingen.schachvereine.de\/wp\/spiellokal\/","title":{"rendered":"Spiellokal"},"content":{"rendered":"\n<p><strong>Spiellokal f\u00fcr Ligaspiele:\u00a0<\/strong> <br>B\u00fcrgerhaus<br>Kirchstra\u00dfe 11<br>73033 G\u00f6ppingen<\/p>\n\n\n\n<p><strong>Spielabend<\/strong>:<\/p>\n\n\n\n<div class=\"wp-block-group is-nowrap is-layout-flex wp-container-core-group-is-layout-ad2f72ca wp-block-group-is-layout-flex\">\n<div class=\"wp-block-group is-vertical is-layout-flex wp-container-core-group-is-layout-8cf370e7 wp-block-group-is-layout-flex\">\n<figure class=\"wp-block-image size-large\"><img fetchpriority=\"high\" decoding=\"async\" width=\"1024\" height=\"695\" src=\"https:\/\/sfgoeppingen.schachvereine.de\/wp\/wp-content\/uploads\/2026\/01\/WhatsApp-Image-2026-01-09-at-11.01.55-1024x695.jpeg\" alt=\"\" class=\"wp-image-1089\" srcset=\"https:\/\/sfgoeppingen.schachvereine.de\/wp\/wp-content\/uploads\/2026\/01\/WhatsApp-Image-2026-01-09-at-11.01.55-1024x695.jpeg 1024w, https:\/\/sfgoeppingen.schachvereine.de\/wp\/wp-content\/uploads\/2026\/01\/WhatsApp-Image-2026-01-09-at-11.01.55-300x204.jpeg 300w, https:\/\/sfgoeppingen.schachvereine.de\/wp\/wp-content\/uploads\/2026\/01\/WhatsApp-Image-2026-01-09-at-11.01.55-768x521.jpeg 768w, https:\/\/sfgoeppingen.schachvereine.de\/wp\/wp-content\/uploads\/2026\/01\/WhatsApp-Image-2026-01-09-at-11.01.55.jpeg 1080w\" sizes=\"(max-width: 1024px) 100vw, 1024px\" \/><\/figure>\n\n\n\n<p>Mauch\u00b4sche Villa<br>Hohenstaufenstra\u00dfe 2<br>73033 G\u00f6ppingen<\/p>\n\n\n\n<p> freitags ab 19 Uhr <br> Jugend: 17:30 Uhr bis ca. 19 Uhr<br> (auch &#8222;blutige Anf\u00e4nger&#8220; sind willkommen)<\/p>\n<\/div>\n<\/div>\n\n\n\n<figure class=\"wp-block-image\"><img decoding=\"async\" src=\"http:\/\/sfgoeppingen.schachvereine.de\/Bilder\/jugendgrp1.jpg\" alt=\"\"\/><\/figure>\n\n\n\n<h2 class=\"wp-block-heading\">Testen Sie uns kostenlos bevor Sie sich \u00fcberlegen Mitglied bei den Schachfreunden zu werden!<\/h2>\n\n\n\n<h2 class=\"wp-block-heading\">Anfahrt:<\/h2>\n\n\n\n<p>Anmerkung: Die Zufahrt von der B10 erfolgt \u00fcber die Heininger Str. Weiter zum Stadtplan mit <a href=\"https:\/\/www.google.com\/maps\/place\/Verein+Mauch%60sche+Villa\/@48.7027419,9.6582589,17z\/data=!3m2!4b1!5s0x4799a3e5f3a8117f:0xce7b5f03fdf10de0!4m6!3m5!1s0x4799a3e5f37c8009:0x967aa0fbf07e9295!8m2!3d48.7027384!4d9.6608338!16s%2Fg%2F11bzymhv44?entry=ttu&amp;g_ep=EgoyMDI2MDEwNy4wIKXMDSoKLDEwMDc5MjA2N0gBUAM%3D\" target=\"_blank\" rel=\"noreferrer noopener\">Google-Maps <\/a><\/p>\n\n\n\n<figure class=\"wp-block-image size-full\"><img decoding=\"async\" width=\"512\" height=\"512\" src=\"https:\/\/sfgoeppingen.schachvereine.de\/wp\/wp-content\/uploads\/2023\/07\/chess_art_training_2.jpg\" alt=\"\" class=\"wp-image-462\" srcset=\"https:\/\/sfgoeppingen.schachvereine.de\/wp\/wp-content\/uploads\/2023\/07\/chess_art_training_2.jpg 512w, https:\/\/sfgoeppingen.schachvereine.de\/wp\/wp-content\/uploads\/2023\/07\/chess_art_training_2-300x300.jpg 300w, https:\/\/sfgoeppingen.schachvereine.de\/wp\/wp-content\/uploads\/2023\/07\/chess_art_training_2-150x150.jpg 150w\" sizes=\"(max-width: 512px) 100vw, 512px\" \/><\/figure>\n","protected":false},"excerpt":{"rendered":"<p>Spiellokal f\u00fcr Ligaspiele:\u00a0 B\u00fcrgerhausKirchstra\u00dfe 1173033 G\u00f6ppingen Spielabend: Mauch\u00b4sche VillaHohenstaufenstra\u00dfe 273033 G\u00f6ppingen freitags ab 19 Uhr Jugend: 17:30 Uhr bis ca. 19 Uhr (auch &#8222;blutige Anf\u00e4nger&#8220; sind willkommen) Testen Sie uns &hellip; <a href=\"https:\/\/sfgoeppingen.schachvereine.de\/wp\/spiellokal\/\" class=\"more-link\"><span class=\"screen-reader-text\">Spiellokal<\/span> weiterlesen <span class=\"meta-nav\">&rarr;<\/span><\/a><\/p>\n","protected":false},"author":1,"featured_media":0,"parent":0,"menu_order":0,"comment_status":"closed","ping_status":"closed","template":"","meta":{"footnotes":""},"class_list":["post-102","page","type-page","status-publish","hentry"],"_links":{"self":[{"href":"https:\/\/sfgoeppingen.schachvereine.de\/wp\/wp-json\/wp\/v2\/pages\/102","targetHints":{"allow":["GET"]}}],"collection":[{"href":"https:\/\/sfgoeppingen.schachvereine.de\/wp\/wp-json\/wp\/v2\/pages"}],"about":[{"href":"https:\/\/sfgoeppingen.schachvereine.de\/wp\/wp-json\/wp\/v2\/types\/page"}],"author":[{"embeddable":true,"href":"https:\/\/sfgoeppingen.schachvereine.de\/wp\/wp-json\/wp\/v2\/users\/1"}],"replies":[{"embeddable":true,"href":"https:\/\/sfgoeppingen.schachvereine.de\/wp\/wp-json\/wp\/v2\/comments?post=102"}],"version-history":[{"count":7,"href":"https:\/\/sfgoeppingen.schachvereine.de\/wp\/wp-json\/wp\/v2\/pages\/102\/revisions"}],"predecessor-version":[{"id":1091,"href":"https:\/\/sfgoeppingen.schachvereine.de\/wp\/wp-json\/wp\/v2\/pages\/102\/revisions\/1091"}],"wp:attachment":[{"href":"https:\/\/sfgoeppingen.schachvereine.de\/wp\/wp-json\/wp\/v2\/media?parent=102"}],"curies":[{"name":"wp","href":"https:\/\/api.w.org\/{rel}","templated":true}]}}